{"id":6200,"date":"2024-04-02T11:28:26","date_gmt":"2024-04-02T09:28:26","guid":{"rendered":"https:\/\/dparafernalia.com\/latinseq\/?page_id=6200"},"modified":"2025-01-13T13:01:43","modified_gmt":"2025-01-13T12:01:43","slug":"contato","status":"publish","type":"page","link":"https:\/\/latin-seq.com\/pt-br\/contato\/","title":{"rendered":"Contato"},"content":{"rendered":"<div class=\"fusion-fullwidth fullwidth-box fusion-builder-row-1 fusion-flex-container nonhundred-percent-fullwidth non-hundred-percent-height-scrolling\" style=\"--awb-border-radius-top-left:0px;--awb-border-radius-top-right:0px;--awb-border-radius-bottom-right:0px;--awb-border-radius-bottom-left:0px;--awb-flex-wrap:wrap;\" ><div class=\"fusion-builder-row fusion-row fusion-flex-align-items-flex-start fusion-flex-content-wrap\" style=\"max-width:1248px;margin-left: calc(-4% \/ 2 );margin-right: calc(-4% \/ 2 );\"><div class=\"fusion-layout-column fusion_builder_column fusion-builder-column-0 fusion_builder_column_1_1 1_1 fusion-flex-column fusion-flex-align-self-center\" style=\"--awb-bg-blend:overlay;--awb-bg-size:cover;--awb-width-large:100%;--awb-margin-top-large:0px;--awb-spacing-right-large:1.92%;--awb-margin-bottom-large:0px;--awb-spacing-left-large:1.92%;--awb-width-medium:100%;--awb-spacing-right-medium:1.92%;--awb-spacing-left-medium:1.92%;--awb-width-small:100%;--awb-spacing-right-small:1.92%;--awb-spacing-left-small:1.92%;\"><div class=\"fusion-column-wrapper fusion-flex-justify-content-center fusion-content-layout-column\"><div class=\"fusion-image-element \" style=\"text-align:center;--awb-max-width:24em;--awb-caption-title-font-family:var(--h2_typography-font-family);--awb-caption-title-font-weight:var(--h2_typography-font-weight);--awb-caption-title-font-style:var(--h2_typography-font-style);--awb-caption-title-size:var(--h2_typography-font-size);--awb-caption-title-transform:var(--h2_typography-text-transform);--awb-caption-title-line-height:var(--h2_typography-line-height);--awb-caption-title-letter-spacing:var(--h2_typography-letter-spacing);\"><span class=\" fusion-imageframe imageframe-none imageframe-1 hover-type-none\"><img decoding=\"async\" width=\"1200\" height=\"1200\" alt=\"Latin-SEQ_logo\" title=\"__Latin-SEQ_logo\" src=\"data:image\/svg+xml,%3Csvg%20xmlns%3D%27http%3A%2F%2Fwww.w3.org%2F2000%2Fsvg%27%20width%3D%271657%27%20height%3D%27804%27%20viewBox%3D%270%200%201657%20804%27%3E%3Crect%20width%3D%271657%27%20height%3D%27804%27%20fill-opacity%3D%220%22%2F%3E%3C%2Fsvg%3E\" data-orig-src=\"https:\/\/latin-seq.com\/wp-content\/uploads\/2024\/04\/Latin-SEQ_logo.svg\" class=\"lazyload img-responsive wp-image-5423\"\/><\/span><\/div><\/div><\/div><div class=\"fusion-layout-column fusion_builder_column fusion-builder-column-1 fusion_builder_column_1_1 1_1 fusion-flex-column\" style=\"--awb-bg-blend:overlay;--awb-bg-size:cover;--awb-width-large:100%;--awb-margin-top-large:0px;--awb-spacing-right-large:1.92%;--awb-margin-bottom-large:0px;--awb-spacing-left-large:1.92%;--awb-width-medium:100%;--awb-spacing-right-medium:1.92%;--awb-spacing-left-medium:1.92%;--awb-width-small:100%;--awb-spacing-right-small:1.92%;--awb-spacing-left-small:1.92%;\"><div class=\"fusion-column-wrapper fusion-flex-justify-content-flex-start fusion-content-layout-column\"><div class=\"fusion-image-element \" style=\"text-align:center;--awb-caption-title-font-family:var(--h2_typography-font-family);--awb-caption-title-font-weight:var(--h2_typography-font-weight);--awb-caption-title-font-style:var(--h2_typography-font-style);--awb-caption-title-size:var(--h2_typography-font-size);--awb-caption-title-transform:var(--h2_typography-text-transform);--awb-caption-title-line-height:var(--h2_typography-line-height);--awb-caption-title-letter-spacing:var(--h2_typography-letter-spacing);\"><span class=\" fusion-imageframe imageframe-none imageframe-2 hover-type-none\"><img decoding=\"async\" width=\"555\" height=\"48\" title=\"a1\" src=\"https:\/\/latin-seq.com\/wp-content\/uploads\/2024\/11\/a1.png\" data-orig-src=\"https:\/\/latin-seq.com\/wp-content\/uploads\/2024\/11\/a1.png\" alt class=\"lazyload img-responsive wp-image-6372\" srcset=\"data:image\/svg+xml,%3Csvg%20xmlns%3D%27http%3A%2F%2Fwww.w3.org%2F2000%2Fsvg%27%20width%3D%27555%27%20height%3D%2748%27%20viewBox%3D%270%200%20555%2048%27%3E%3Crect%20width%3D%27555%27%20height%3D%2748%27%20fill-opacity%3D%220%22%2F%3E%3C%2Fsvg%3E\" data-srcset=\"https:\/\/latin-seq.com\/wp-content\/uploads\/2024\/11\/a1-200x17.png 200w, https:\/\/latin-seq.com\/wp-content\/uploads\/2024\/11\/a1-400x35.png 400w, https:\/\/latin-seq.com\/wp-content\/uploads\/2024\/11\/a1.png 555w\" data-sizes=\"auto\" data-orig-sizes=\"(max-width: 1024px) 100vw, (max-width: 640px) 100vw, 555px\" \/><\/span><\/div><div class=\"fusion-image-element \" style=\"text-align:center;--awb-margin-top:0.5em;--awb-margin-bottom:0.8em;--awb-max-width:18em;--awb-caption-title-font-family:var(--h2_typography-font-family);--awb-caption-title-font-weight:var(--h2_typography-font-weight);--awb-caption-title-font-style:var(--h2_typography-font-style);--awb-caption-title-size:var(--h2_typography-font-size);--awb-caption-title-transform:var(--h2_typography-text-transform);--awb-caption-title-line-height:var(--h2_typography-line-height);--awb-caption-title-letter-spacing:var(--h2_typography-letter-spacing);\"><span class=\" fusion-imageframe imageframe-none imageframe-3 hover-type-none\"><img decoding=\"async\" width=\"467\" height=\"47\" title=\"telf_latin\" src=\"https:\/\/latin-seq.com\/wp-content\/uploads\/2024\/11\/telf_latin.png\" data-orig-src=\"https:\/\/latin-seq.com\/wp-content\/uploads\/2024\/11\/telf_latin.png\" alt class=\"lazyload img-responsive wp-image-6733\" srcset=\"data:image\/svg+xml,%3Csvg%20xmlns%3D%27http%3A%2F%2Fwww.w3.org%2F2000%2Fsvg%27%20width%3D%27467%27%20height%3D%2747%27%20viewBox%3D%270%200%20467%2047%27%3E%3Crect%20width%3D%27467%27%20height%3D%2747%27%20fill-opacity%3D%220%22%2F%3E%3C%2Fsvg%3E\" data-srcset=\"https:\/\/latin-seq.com\/wp-content\/uploads\/2024\/11\/telf_latin-200x20.png 200w, https:\/\/latin-seq.com\/wp-content\/uploads\/2024\/11\/telf_latin-400x40.png 400w, https:\/\/latin-seq.com\/wp-content\/uploads\/2024\/11\/telf_latin.png 467w\" data-sizes=\"auto\" data-orig-sizes=\"(max-width: 1024px) 100vw, (max-width: 640px) 100vw, 467px\" \/><\/span><\/div><div class=\"fusion-title title fusion-title-1 fusion-title-center fusion-title-text fusion-title-size-four\" style=\"--awb-text-color:var(--awb-color5);--awb-margin-right:0px;--awb-margin-bottom:0px;--awb-margin-left:0px;--awb-margin-top-small:0px;--awb-margin-right-small:0px;--awb-margin-bottom-small:0px;--awb-margin-left-small:0px;--awb-link-color:var(--awb-color6);--awb-link-hover-color:var(--awb-color5);--awb-font-size:4em;\"><div class=\"title-sep-container title-sep-container-left\"><div class=\"title-sep sep- sep-solid\" style=\"border-color:var(--awb-color8);\"><\/div><\/div><span class=\"awb-title-spacer\"><\/span><h4 class=\"fusion-title-heading title-heading-center fusion-responsive-typography-calculated\" style=\"margin:0;font-size:1em;text-transform:capitalize;--fontSize:76;line-height:var(--awb-typography1-line-height);\"><a href=\"https:\/\/x.com\/LatinSEQ\" class=\"awb-custom-text-color awb-custom-text-hover-color\" target=\"_blank\"><i class=\"fa-brands fa-square-x-twitter\"><\/i><\/a><\/h4><span class=\"awb-title-spacer\"><\/span><div class=\"title-sep-container title-sep-container-right\"><div class=\"title-sep sep- sep-solid\" style=\"border-color:var(--awb-color8);\"><\/div><\/div><\/div><\/div><\/div><div class=\"fusion-layout-column fusion_builder_column fusion-builder-column-2 fusion_builder_column_1_1 1_1 fusion-flex-column\" style=\"--awb-bg-blend:overlay;--awb-bg-size:cover;--awb-width-large:100%;--awb-margin-top-large:2em;--awb-spacing-right-large:1.92%;--awb-margin-bottom-large:0px;--awb-spacing-left-large:1.92%;--awb-width-medium:100%;--awb-spacing-right-medium:1.92%;--awb-spacing-left-medium:1.92%;--awb-width-small:100%;--awb-spacing-right-small:1.92%;--awb-spacing-left-small:1.92%;\"><div class=\"fusion-column-wrapper fusion-flex-justify-content-flex-start fusion-content-layout-column\"><div class=\"fusion-text fusion-text-1\" style=\"--awb-content-alignment:center;\"><p><em><i><span style=\"font-weight: 400;\">Este contato \u00e9 destinado exclusivamente para consultas e colabora\u00e7\u00f5es relacionadas ao projeto. Qualquer uso n\u00e3o\u00a0 autorizado, incluindo, mas n\u00e3o se limitando a fins comerciais, publicidade n\u00e3o solicitada, inscri\u00e7\u00e3o em listas de\u00a0 distribui\u00e7\u00e3o ou assinaturas indesejadas, constitui uma viola\u00e7\u00e3o das regulamenta\u00e7\u00f5es de prote\u00e7\u00e3o de dados e do\u00a0 Regulamento Geral de Prote\u00e7\u00e3o de Dados (GDPR). Tais atividades n\u00e3o autorizadas poder\u00e3o ser reportadas \u00e0s\u00a0 autoridades competentes e podem ter consequ\u00eancias legais<\/span><\/i>.<\/em><\/p>\n<\/div><\/div><\/div><\/div><\/div>\n","protected":false},"excerpt":{"rendered":"","protected":false},"author":1,"featured_media":0,"parent":0,"menu_order":8,"comment_status":"closed","ping_status":"closed","template":"","meta":{"_acf_changed":false,"inline_featured_image":false,"footnotes":""},"class_list":["post-6200","page","type-page","status-publish","hentry"],"acf":[],"_links":{"self":[{"href":"https:\/\/latin-seq.com\/pt-br\/wp-json\/wp\/v2\/pages\/6200","targetHints":{"allow":["GET"]}}],"collection":[{"href":"https:\/\/latin-seq.com\/pt-br\/wp-json\/wp\/v2\/pages"}],"about":[{"href":"https:\/\/latin-seq.com\/pt-br\/wp-json\/wp\/v2\/types\/page"}],"author":[{"embeddable":true,"href":"https:\/\/latin-seq.com\/pt-br\/wp-json\/wp\/v2\/users\/1"}],"replies":[{"embeddable":true,"href":"https:\/\/latin-seq.com\/pt-br\/wp-json\/wp\/v2\/comments?post=6200"}],"version-history":[{"count":5,"href":"https:\/\/latin-seq.com\/pt-br\/wp-json\/wp\/v2\/pages\/6200\/revisions"}],"predecessor-version":[{"id":6744,"href":"https:\/\/latin-seq.com\/pt-br\/wp-json\/wp\/v2\/pages\/6200\/revisions\/6744"}],"wp:attachment":[{"href":"https:\/\/latin-seq.com\/pt-br\/wp-json\/wp\/v2\/media?parent=6200"}],"curies":[{"name":"wp","href":"https:\/\/api.w.org\/{rel}","templated":true}]}}