{"id":6192,"date":"2024-04-02T11:27:12","date_gmt":"2024-04-02T09:27:12","guid":{"rendered":"https:\/\/dparafernalia.com\/latinseq\/?page_id=6192"},"modified":"2024-11-20T12:00:11","modified_gmt":"2024-11-20T11:00:11","slug":"como-colaborar","status":"publish","type":"page","link":"https:\/\/latin-seq.com\/pt-br\/como-colaborar\/","title":{"rendered":"Como colaborar"},"content":{"rendered":"<div class=\"fusion-fullwidth fullwidth-box fusion-builder-row-1 fusion-flex-container nonhundred-percent-fullwidth non-hundred-percent-height-scrolling\" style=\"--awb-border-radius-top-left:0px;--awb-border-radius-top-right:0px;--awb-border-radius-bottom-right:0px;--awb-border-radius-bottom-left:0px;--awb-flex-wrap:wrap;\" ><div class=\"fusion-builder-row fusion-row fusion-flex-align-items-flex-start fusion-flex-content-wrap\" style=\"max-width:1248px;margin-left: calc(-4% \/ 2 );margin-right: calc(-4% \/ 2 );\"><div class=\"fusion-layout-column fusion_builder_column fusion-builder-column-0 fusion_builder_column_1_1 1_1 fusion-flex-column\" style=\"--awb-bg-blend:overlay;--awb-bg-size:cover;--awb-width-large:100%;--awb-margin-top-large:0px;--awb-spacing-right-large:1.92%;--awb-margin-bottom-large:0px;--awb-spacing-left-large:1.92%;--awb-width-medium:100%;--awb-spacing-right-medium:1.92%;--awb-spacing-left-medium:1.92%;--awb-width-small:100%;--awb-spacing-right-small:1.92%;--awb-spacing-left-small:1.92%;\"><div class=\"fusion-column-wrapper fusion-flex-justify-content-flex-start fusion-content-layout-column\"><div class=\"fusion-text fusion-text-1\"><p>Se voc\u00ea \u00e9 neurologista, neuropediatra, neurofisiologista, geneticista, fisioterapeuta ou outro profissional de sa\u00fade, em um centro de refer\u00eancia ou privado, que se dedica ao diagn\u00f3stico e acompanhamento de pacientes com doen\u00e7as neuromusculares, existem v\u00e1rias formas de colaborar conosco. Tanto se voc\u00ea tem pacientes, adultos ou pedi\u00e1tricos, que deseja incluir em nosso estudo diagn\u00f3stico, quanto se deseja apenas se juntar ao cons\u00f3rcio para participar de sess\u00f5es cient\u00edficas e acessar materiais de capacita\u00e7\u00e3o, se tiver alguma outra ideia para contribuir em nossos projetos ou nos apoiar de alguma forma, adorar\u00edamos contar com sua participa\u00e7\u00e3o!<\/p>\n<p>Al\u00e9m disso, se voc\u00ea representa uma entidade interessada em oferecer financiamento, ou uma associa\u00e7\u00e3o\/registro de pacientes que possa oferecer apoio local a pacientes e familiares, n\u00e3o hesite em entrar em contato conosco para explorar juntos as possibilidades de colabora\u00e7\u00e3o.<\/p>\n<\/div><\/div><\/div><\/div><\/div>\n","protected":false},"excerpt":{"rendered":"","protected":false},"author":1,"featured_media":0,"parent":0,"menu_order":6,"comment_status":"closed","ping_status":"closed","template":"","meta":{"_acf_changed":false,"inline_featured_image":false,"footnotes":""},"class_list":["post-6192","page","type-page","status-publish","hentry"],"acf":[],"_links":{"self":[{"href":"https:\/\/latin-seq.com\/pt-br\/wp-json\/wp\/v2\/pages\/6192","targetHints":{"allow":["GET"]}}],"collection":[{"href":"https:\/\/latin-seq.com\/pt-br\/wp-json\/wp\/v2\/pages"}],"about":[{"href":"https:\/\/latin-seq.com\/pt-br\/wp-json\/wp\/v2\/types\/page"}],"author":[{"embeddable":true,"href":"https:\/\/latin-seq.com\/pt-br\/wp-json\/wp\/v2\/users\/1"}],"replies":[{"embeddable":true,"href":"https:\/\/latin-seq.com\/pt-br\/wp-json\/wp\/v2\/comments?post=6192"}],"version-history":[{"count":2,"href":"https:\/\/latin-seq.com\/pt-br\/wp-json\/wp\/v2\/pages\/6192\/revisions"}],"predecessor-version":[{"id":6369,"href":"https:\/\/latin-seq.com\/pt-br\/wp-json\/wp\/v2\/pages\/6192\/revisions\/6369"}],"wp:attachment":[{"href":"https:\/\/latin-seq.com\/pt-br\/wp-json\/wp\/v2\/media?parent=6192"}],"curies":[{"name":"wp","href":"https:\/\/api.w.org\/{rel}","templated":true}]}}